{"id":1044,"date":"2023-11-28T21:06:57","date_gmt":"2023-11-28T20:06:57","guid":{"rendered":"https:\/\/ekuwun.com\/?page_id=1044"},"modified":"2023-12-07T21:12:48","modified_gmt":"2023-12-07T20:12:48","slug":"huema-tinaja","status":"publish","type":"page","link":"https:\/\/ekuwun.com\/?page_id=1044","title":{"rendered":"HUEMA-Tinaja"},"content":{"rendered":"<div data-colibri-id=\"1044-c1\" class=\"style-655 style-local-1044-c1 position-relative\">\n  <!---->\n  <div data-colibri-component=\"section\" data-colibri-id=\"1044-c2\" id=\"custom\" class=\"h-section h-section-global-spacing d-flex align-items-lg-center align-items-md-center align-items-center style-656 style-local-1044-c2 position-relative\">\n    <!---->\n    <!---->\n    <div class=\"h-section-grid-container h-section-fluid-container\">\n      <!---->\n      <div data-colibri-id=\"1044-c3\" class=\"h-row-container gutters-row-lg-0 gutters-row-md-0 gutters-row-0 gutters-row-v-lg-0 gutters-row-v-md-0 gutters-row-v-0 style-657 style-local-1044-c3 position-relative\">\n        <!---->\n        <div class=\"h-row justify-content-lg-center justify-content-md-center justify-content-center align-items-lg-stretch align-items-md-stretch align-items-stretch gutters-col-lg-0 gutters-col-md-0 gutters-col-0 gutters-col-v-lg-0 gutters-col-v-md-0 gutters-col-v-0\">\n          <!---->\n          <div class=\"h-column h-column-container d-flex h-col-lg-auto h-col-md-auto h-col-auto style-658-outer style-local-1044-c4-outer\">\n            <div data-colibri-id=\"1044-c4\" class=\"d-flex h-flex-basis h-column__inner h-ui-empty-state-container h-px-lg-0 h-px-md-0 h-px-0 v-inner-lg-0 v-inner-md-0 v-inner-0 style-658 style-local-1044-c4 position-relative\">\n              <!---->\n              <!---->\n              <div class=\"w-100 h-y-container h-column__content h-column__v-align flex-basis-100\">\n                <!---->\n              <\/div>\n            <\/div>\n          <\/div>\n          <div class=\"h-column h-column-container d-flex h-col-lg-auto h-col-md-auto h-col-auto style-659-outer style-local-1044-c5-outer\">\n            <div data-colibri-id=\"1044-c5\" class=\"d-flex h-flex-basis h-column__inner h-px-lg-0 h-px-md-0 h-px-0 v-inner-lg-0 v-inner-md-0 v-inner-0 style-659 style-local-1044-c5 position-relative\">\n              <!---->\n              <!---->\n              <div class=\"w-100 h-y-container h-column__content h-column__v-align flex-basis-100 align-self-lg-end align-self-md-end align-self-end\">\n                <!---->\n                <div data-colibri-id=\"1044-c6\" class=\"d-block style-661 style-local-1044-c6 position-relative h-element\">\n                  <!---->\n                  <div class=\"h-image__frame-container-outer\">\n                    <div class=\"h-image__frame-container\">\n                      <!---->\n                      <!---->\n                      <img loading=\"lazy\" decoding=\"async\" width=\"2362\" height=\"2362\" src=\"http:\/\/ekuwun.com\/wp-content\/uploads\/2023\/11\/ekuwun.jpeg\" class=\"wp-image-772 style-661-image style-local-1044-c6-image\" alt=\"\" srcset=\"https:\/\/ekuwun.com\/wp-content\/uploads\/2023\/11\/ekuwun.jpeg 2362w, https:\/\/ekuwun.com\/wp-content\/uploads\/2023\/11\/ekuwun-300x300.jpeg 300w, https:\/\/ekuwun.com\/wp-content\/uploads\/2023\/11\/ekuwun-1024x1024.jpeg 1024w, https:\/\/ekuwun.com\/wp-content\/uploads\/2023\/11\/ekuwun-150x150.jpeg 150w, https:\/\/ekuwun.com\/wp-content\/uploads\/2023\/11\/ekuwun-768x768.jpeg 768w, https:\/\/ekuwun.com\/wp-content\/uploads\/2023\/11\/ekuwun-1536x1536.jpeg 1536w, https:\/\/ekuwun.com\/wp-content\/uploads\/2023\/11\/ekuwun-2048x2048.jpeg 2048w\" sizes=\"(max-width: 2362px) 100vw, 2362px\" \/>\n                      <div class=\"h-image__frame h-hide-lg h-hide-md h-hide-sm style-661-frameImage style-local-1044-c6-frameImage\"><\/div>\n                    <\/div>\n                  <\/div>\n                <\/div>\n                <div data-colibri-id=\"1044-c7\" class=\"h-global-transition-all h-heading style-660 style-local-1044-c7 position-relative h-element\">\n                  <!---->\n                  <div class=\"h-heading__outer style-660 style-local-1044-c7\">\n                    <!---->\n                    <!---->\n                    <h1 class=\"\">HUEMA<\/h1>\n                  <\/div>\n                <\/div>\n                <div data-colibri-id=\"1044-c8\" class=\"h-text h-text-component style-662 style-local-1044-c8 position-relative h-element\">\n                  <!---->\n                  <!---->\n                  <div class=\"\">\n                    <p>Vive un relajante momento junto a la naturaleza<\/p>\n                    <p>Descubre el descanso en nuestras Tinajas de Madera Nativa! Sum\u00e9rgete en aguas de vertiente, impregnadas con hierbas locales para una experiencia \u00fanica de relajaci\u00f3n. <\/p>\n                    <p>\n                      <br>\n                    <\/p>\n                  <\/div>\n                <\/div>\n              <\/div>\n            <\/div>\n          <\/div>\n        <\/div>\n      <\/div>\n    <\/div>\n  <\/div>\n<\/div>","protected":false},"excerpt":{"rendered":"<p>HUEMA Vive un relajante momento junto a la naturaleza Descubre el descanso en nuestras Tinajas de Madera Nativa! Sum\u00e9rgete en aguas de vertiente, impregnadas con hierbas locales para una experiencia \u00fanica de relajaci\u00f3n.<\/p>\n","protected":false},"author":1,"featured_media":0,"parent":0,"menu_order":0,"comment_status":"closed","ping_status":"closed","template":"page-templates\/full-width-page.php","meta":{"footnotes":""},"_links":{"self":[{"href":"https:\/\/ekuwun.com\/index.php?rest_route=\/wp\/v2\/pages\/1044"}],"collection":[{"href":"https:\/\/ekuwun.com\/index.php?rest_route=\/wp\/v2\/pages"}],"about":[{"href":"https:\/\/ekuwun.com\/index.php?rest_route=\/wp\/v2\/types\/page"}],"author":[{"embeddable":true,"href":"https:\/\/ekuwun.com\/index.php?rest_route=\/wp\/v2\/users\/1"}],"replies":[{"embeddable":true,"href":"https:\/\/ekuwun.com\/index.php?rest_route=%2Fwp%2Fv2%2Fcomments&post=1044"}],"version-history":[{"count":3,"href":"https:\/\/ekuwun.com\/index.php?rest_route=\/wp\/v2\/pages\/1044\/revisions"}],"predecessor-version":[{"id":1112,"href":"https:\/\/ekuwun.com\/index.php?rest_route=\/wp\/v2\/pages\/1044\/revisions\/1112"}],"wp:attachment":[{"href":"https:\/\/ekuwun.com\/index.php?rest_route=%2Fwp%2Fv2%2Fmedia&parent=1044"}],"curies":[{"name":"wp","href":"https:\/\/api.w.org\/{rel}","templated":true}]}}