{"id":891,"date":"2023-11-28T15:40:48","date_gmt":"2023-11-28T14:40:48","guid":{"rendered":"https:\/\/ekuwun.com\/?page_id=891"},"modified":"2023-12-07T20:46:22","modified_gmt":"2023-12-07T19:46:22","slug":"huema","status":"publish","type":"page","link":"https:\/\/ekuwun.com\/?page_id=891","title":{"rendered":"HUEMA"},"content":{"rendered":"<div data-colibri-id=\"891-c1\" class=\"style-568 style-local-891-c1 position-relative\">\n  <!---->\n  <div data-colibri-component=\"section\" data-colibri-id=\"891-c2\" id=\"initial-content\" class=\"h-section h-section-global-spacing d-flex align-items-lg-center align-items-md-center align-items-center style-569 style-local-891-c2 position-relative\">\n    <!---->\n    <!---->\n    <div class=\"h-section-grid-container h-section-fluid-container\">\n      <!---->\n      <div data-colibri-id=\"891-c3\" class=\"h-row-container gutters-row-lg-0 gutters-row-md-0 gutters-row-0 gutters-row-v-lg-0 gutters-row-v-md-0 gutters-row-v-0 style-570 style-local-891-c3 position-relative\">\n        <!---->\n        <div class=\"h-row justify-content-lg-center justify-content-md-center justify-content-center align-items-lg-stretch align-items-md-stretch align-items-stretch gutters-col-lg-0 gutters-col-md-0 gutters-col-0 gutters-col-v-lg-0 gutters-col-v-md-0 gutters-col-v-0\">\n          <!---->\n          <div class=\"h-column h-column-container d-flex h-col-lg-12 h-col-md-12 h-col-12 style-571-outer style-local-891-c4-outer\">\n            <div data-colibri-id=\"891-c4\" class=\"d-flex h-flex-basis h-column__inner h-px-lg-0 h-px-md-0 h-px-0 v-inner-lg-0 v-inner-md-0 v-inner-0 style-571 style-local-891-c4 position-relative\">\n              <!---->\n              <!---->\n              <div class=\"w-100 h-y-container h-column__content h-column__v-align flex-basis-100 align-self-lg-center align-self-md-center align-self-center\">\n                <!---->\n                <div data-colibri-id=\"891-c5\" class=\"h-row-container gutters-row-lg-0 gutters-row-md-0 gutters-row-0 gutters-row-v-lg-0 gutters-row-v-md-0 gutters-row-v-0 style-573 style-local-891-c5 position-relative\">\n                  <!---->\n                  <div class=\"h-row justify-content-lg-center justify-content-md-center justify-content-center align-items-lg-stretch align-items-md-stretch align-items-stretch gutters-col-lg-0 gutters-col-md-0 gutters-col-0 gutters-col-v-lg-0 gutters-col-v-md-0 gutters-col-v-0\">\n                    <!---->\n                    <div class=\"h-column h-column-container d-flex h-col-lg-auto h-col-md-auto h-col-auto style-574-outer style-local-891-c6-outer\">\n                      <div data-colibri-id=\"891-c6\" class=\"d-flex h-flex-basis h-column__inner h-px-lg-0 h-px-md-0 h-px-0 v-inner-lg-0 v-inner-md-0 v-inner-0 style-574 style-local-891-c6 position-relative\">\n                        <!---->\n                        <!---->\n                        <div class=\"w-100 h-y-container h-column__content h-column__v-align flex-basis-100 align-self-lg-start align-self-md-start align-self-start\">\n                          <!---->\n                          <div data-colibri-id=\"891-c7\" class=\"d-block style-626 style-local-891-c7 position-relative h-element\">\n                            <!---->\n                            <div class=\"h-image__frame-container-outer\">\n                              <div class=\"h-image__frame-container\">\n                                <!---->\n                                <!---->\n                                <img loading=\"lazy\" decoding=\"async\" width=\"1280\" height=\"960\" src=\"http:\/\/ekuwun.com\/wp-content\/uploads\/2023\/11\/WhatsApp-Image-2022-04-09-at-17.51.15-2.jpeg\" class=\"wp-image-930 style-626-image style-local-891-c7-image\" alt=\"\" srcset=\"https:\/\/ekuwun.com\/wp-content\/uploads\/2023\/11\/WhatsApp-Image-2022-04-09-at-17.51.15-2.jpeg 1280w, https:\/\/ekuwun.com\/wp-content\/uploads\/2023\/11\/WhatsApp-Image-2022-04-09-at-17.51.15-2-300x225.jpeg 300w, https:\/\/ekuwun.com\/wp-content\/uploads\/2023\/11\/WhatsApp-Image-2022-04-09-at-17.51.15-2-1024x768.jpeg 1024w, https:\/\/ekuwun.com\/wp-content\/uploads\/2023\/11\/WhatsApp-Image-2022-04-09-at-17.51.15-2-768x576.jpeg 768w\" sizes=\"(max-width: 1280px) 100vw, 1280px\" \/>\n                                <div class=\"h-image__frame h-hide-lg h-hide-md h-hide-sm style-626-frameImage style-local-891-c7-frameImage\"><\/div>\n                              <\/div>\n                            <\/div>\n                          <\/div>\n                        <\/div>\n                      <\/div>\n                    <\/div>\n                    <div class=\"h-column h-column-container d-flex h-col-lg-auto h-col-md-auto h-col-auto style-575-outer style-local-891-c8-outer\">\n                      <div data-colibri-id=\"891-c8\" class=\"d-flex h-flex-basis h-column__inner h-px-lg-2 h-px-md-2 h-px-2 v-inner-lg-2 v-inner-md-2 v-inner-2 style-575 style-local-891-c8 position-relative\">\n                        <!---->\n                        <!---->\n                        <div class=\"w-100 h-y-container h-column__content h-column__v-align flex-basis-100 align-self-lg-center align-self-md-center align-self-center\">\n                          <!---->\n                          <div data-colibri-id=\"891-c9\" class=\"d-block style-627 style-local-891-c9 position-relative h-element\">\n                            <!---->\n                            <div class=\"h-image__frame-container-outer\">\n                              <div class=\"h-image__frame-container\">\n                                <!---->\n                                <!---->\n                                <img loading=\"lazy\" decoding=\"async\" width=\"2362\" height=\"2362\" src=\"http:\/\/ekuwun.com\/wp-content\/uploads\/2023\/11\/ekuwun.jpeg\" class=\"wp-image-772 style-627-image style-local-891-c9-image\" alt=\"\" srcset=\"https:\/\/ekuwun.com\/wp-content\/uploads\/2023\/11\/ekuwun.jpeg 2362w, https:\/\/ekuwun.com\/wp-content\/uploads\/2023\/11\/ekuwun-300x300.jpeg 300w, https:\/\/ekuwun.com\/wp-content\/uploads\/2023\/11\/ekuwun-1024x1024.jpeg 1024w, https:\/\/ekuwun.com\/wp-content\/uploads\/2023\/11\/ekuwun-150x150.jpeg 150w, https:\/\/ekuwun.com\/wp-content\/uploads\/2023\/11\/ekuwun-768x768.jpeg 768w, https:\/\/ekuwun.com\/wp-content\/uploads\/2023\/11\/ekuwun-1536x1536.jpeg 1536w, https:\/\/ekuwun.com\/wp-content\/uploads\/2023\/11\/ekuwun-2048x2048.jpeg 2048w\" sizes=\"(max-width: 2362px) 100vw, 2362px\" \/>\n                                <div class=\"h-image__frame h-hide-lg h-hide-md h-hide-sm style-627-frameImage style-local-891-c9-frameImage\"><\/div>\n                              <\/div>\n                            <\/div>\n                          <\/div>\n                          <div data-colibri-id=\"891-c10\" class=\"h-global-transition-all h-heading style-577 style-local-891-c10 position-relative h-element\">\n                            <!---->\n                            <div class=\"h-heading__outer style-577 style-local-891-c10\">\n                              <!---->\n                              <!---->\n                              <h1 class=\"\">HUEMA<\/h1>\n                            <\/div>\n                          <\/div>\n                          <div data-colibri-id=\"891-c11\" class=\"h-text h-text-component style-578 style-local-891-c11 position-relative h-element\">\n                            <!---->\n                            <!---->\n                            <div class=\"\">\n                              <p>\n                                <u style=\"font-weight: 500;\">Estad\u00eda de 2 Noches y 3 d\u00edas:<\/u>\n                              <\/p>\n                              <ul>\n                                <li>Habitaci\u00f3n Doble<\/li>\n                                <li>Ba\u00f1o Privado<\/li>\n                              <\/ul>\n                              <p>Nuestras habitaciones cuentan con un ambiente \u00edntimo y acogedor que invita a relajarte y desconectar, mientras que la decoraci\u00f3n r\u00fastica y los detalles elegantes crean un espacio c\u00e1lido y encantador. Despertar cada ma\u00f1ana\n                                con la vista de la naturaleza en su esplendor, har\u00e1 de tu estancia una experiencia inolvidable.<\/p>\n                              <p>\n                                <br>\n                              <\/p>\n                            <\/div>\n                          <\/div>\n                        <\/div>\n                      <\/div>\n                    <\/div>\n                  <\/div>\n                <\/div>\n              <\/div>\n            <\/div>\n          <\/div>\n        <\/div>\n      <\/div>\n    <\/div>\n  <\/div>\n<\/div>","protected":false},"excerpt":{"rendered":"<p>HUEMA Estad\u00eda de 2 Noches y 3 d\u00edas: Habitaci\u00f3n Doble Ba\u00f1o Privado Nuestras habitaciones cuentan con un ambiente \u00edntimo y acogedor que invita a relajarte y desconectar, mientras que la decoraci\u00f3n r\u00fastica y los detalles elegantes crean un espacio c\u00e1lido y encantador. Despertar cada ma\u00f1ana con la vista de la naturaleza en su esplendor, har\u00e1 [&hellip;]<\/p>\n","protected":false},"author":1,"featured_media":0,"parent":0,"menu_order":0,"comment_status":"closed","ping_status":"closed","template":"page-templates\/full-width-page.php","meta":{"footnotes":""},"_links":{"self":[{"href":"https:\/\/ekuwun.com\/index.php?rest_route=\/wp\/v2\/pages\/891"}],"collection":[{"href":"https:\/\/ekuwun.com\/index.php?rest_route=\/wp\/v2\/pages"}],"about":[{"href":"https:\/\/ekuwun.com\/index.php?rest_route=\/wp\/v2\/types\/page"}],"author":[{"embeddable":true,"href":"https:\/\/ekuwun.com\/index.php?rest_route=\/wp\/v2\/users\/1"}],"replies":[{"embeddable":true,"href":"https:\/\/ekuwun.com\/index.php?rest_route=%2Fwp%2Fv2%2Fcomments&post=891"}],"version-history":[{"count":12,"href":"https:\/\/ekuwun.com\/index.php?rest_route=\/wp\/v2\/pages\/891\/revisions"}],"predecessor-version":[{"id":1091,"href":"https:\/\/ekuwun.com\/index.php?rest_route=\/wp\/v2\/pages\/891\/revisions\/1091"}],"wp:attachment":[{"href":"https:\/\/ekuwun.com\/index.php?rest_route=%2Fwp%2Fv2%2Fmedia&parent=891"}],"curies":[{"name":"wp","href":"https:\/\/api.w.org\/{rel}","templated":true}]}}