{"id":958,"date":"2023-11-28T19:40:34","date_gmt":"2023-11-28T18:40:34","guid":{"rendered":"https:\/\/ekuwun.com\/?page_id=958"},"modified":"2023-12-07T20:46:08","modified_gmt":"2023-12-07T19:46:08","slug":"colibri-958","status":"publish","type":"page","link":"https:\/\/ekuwun.com\/?page_id=958","title":{"rendered":"Huema-Desayuno"},"content":{"rendered":"<div data-colibri-id=\"958-c1\" class=\"style-628 style-local-958-c1 position-relative\">\n  <!---->\n  <div data-colibri-component=\"section\" data-colibri-id=\"958-c2\" id=\"custom\" class=\"h-section h-section-global-spacing d-flex align-items-lg-center align-items-md-center align-items-center style-629 style-local-958-c2 position-relative\">\n    <!---->\n    <!---->\n    <div class=\"h-section-grid-container h-section-fluid-container\">\n      <!---->\n      <div data-colibri-id=\"958-c3\" class=\"h-row-container gutters-row-lg-0 gutters-row-md-0 gutters-row-0 gutters-row-v-lg-0 gutters-row-v-md-0 gutters-row-v-0 style-630 style-local-958-c3 position-relative\">\n        <!---->\n        <div class=\"h-row justify-content-lg-center justify-content-md-center justify-content-center align-items-lg-stretch align-items-md-stretch align-items-stretch gutters-col-lg-0 gutters-col-md-0 gutters-col-0 gutters-col-v-lg-0 gutters-col-v-md-0 gutters-col-v-0\">\n          <!---->\n          <div class=\"h-column h-column-container d-flex h-col-lg-auto h-col-md-auto h-col-auto style-631-outer style-local-958-c4-outer\">\n            <div data-colibri-id=\"958-c4\" class=\"d-flex h-flex-basis h-column__inner h-px-lg-0 h-px-md-0 h-px-0 v-inner-lg-0 v-inner-md-0 v-inner-0 style-631 style-local-958-c4 position-relative\">\n              <!---->\n              <!---->\n              <div class=\"w-100 h-y-container h-column__content h-column__v-align flex-basis-100 align-self-lg-start align-self-md-start align-self-start\">\n                <!---->\n                <div data-colibri-id=\"958-c5\" class=\"d-block style-633 style-local-958-c5 position-relative h-element\">\n                  <!---->\n                  <div class=\"h-image__frame-container-outer\">\n                    <div class=\"h-image__frame-container\">\n                      <!---->\n                      <!---->\n                      <img loading=\"lazy\" decoding=\"async\" width=\"1600\" height=\"1197\" src=\"http:\/\/ekuwun.com\/wp-content\/uploads\/2023\/11\/PHOTO-2022-02-22-09-23-52.jpg\" class=\"wp-image-454 style-633-image style-local-958-c5-image\" alt=\"\" srcset=\"https:\/\/ekuwun.com\/wp-content\/uploads\/2023\/11\/PHOTO-2022-02-22-09-23-52.jpg 1600w, https:\/\/ekuwun.com\/wp-content\/uploads\/2023\/11\/PHOTO-2022-02-22-09-23-52-300x224.jpg 300w, https:\/\/ekuwun.com\/wp-content\/uploads\/2023\/11\/PHOTO-2022-02-22-09-23-52-1024x766.jpg 1024w, https:\/\/ekuwun.com\/wp-content\/uploads\/2023\/11\/PHOTO-2022-02-22-09-23-52-768x575.jpg 768w, https:\/\/ekuwun.com\/wp-content\/uploads\/2023\/11\/PHOTO-2022-02-22-09-23-52-1536x1149.jpg 1536w\" sizes=\"(max-width: 1600px) 100vw, 1600px\" \/>\n                      <div class=\"h-image__frame h-hide-lg h-hide-md h-hide-sm style-633-frameImage style-local-958-c5-frameImage\"><\/div>\n                    <\/div>\n                  <\/div>\n                <\/div>\n              <\/div>\n            <\/div>\n          <\/div>\n          <div class=\"h-column h-column-container d-flex h-col-lg-auto h-col-md-auto h-col-auto style-632-outer style-local-958-c6-outer\">\n            <div data-colibri-id=\"958-c6\" class=\"d-flex h-flex-basis h-column__inner h-px-lg-2 h-px-md-2 h-px-2 v-inner-lg-2 v-inner-md-2 v-inner-2 style-632 style-local-958-c6 position-relative\">\n              <!---->\n              <!---->\n              <div class=\"w-100 h-y-container h-column__content h-column__v-align flex-basis-100 align-self-lg-center align-self-md-center align-self-center\">\n                <!---->\n                <div data-colibri-id=\"958-c7\" class=\"d-block style-635 style-local-958-c7 position-relative h-element\">\n                  <!---->\n                  <div class=\"h-image__frame-container-outer\">\n                    <div class=\"h-image__frame-container\">\n                      <!---->\n                      <!---->\n                      <img loading=\"lazy\" decoding=\"async\" width=\"2362\" height=\"2362\" src=\"http:\/\/ekuwun.com\/wp-content\/uploads\/2023\/11\/ekuwun.jpeg\" class=\"wp-image-772 style-635-image style-local-958-c7-image\" alt=\"\" srcset=\"https:\/\/ekuwun.com\/wp-content\/uploads\/2023\/11\/ekuwun.jpeg 2362w, https:\/\/ekuwun.com\/wp-content\/uploads\/2023\/11\/ekuwun-300x300.jpeg 300w, https:\/\/ekuwun.com\/wp-content\/uploads\/2023\/11\/ekuwun-1024x1024.jpeg 1024w, https:\/\/ekuwun.com\/wp-content\/uploads\/2023\/11\/ekuwun-150x150.jpeg 150w, https:\/\/ekuwun.com\/wp-content\/uploads\/2023\/11\/ekuwun-768x768.jpeg 768w, https:\/\/ekuwun.com\/wp-content\/uploads\/2023\/11\/ekuwun-1536x1536.jpeg 1536w, https:\/\/ekuwun.com\/wp-content\/uploads\/2023\/11\/ekuwun-2048x2048.jpeg 2048w\" sizes=\"(max-width: 2362px) 100vw, 2362px\" \/>\n                      <div class=\"h-image__frame h-hide-lg h-hide-md h-hide-sm style-635-frameImage style-local-958-c7-frameImage\"><\/div>\n                    <\/div>\n                  <\/div>\n                <\/div>\n                <div data-colibri-id=\"958-c8\" class=\"h-global-transition-all h-heading style-634 style-local-958-c8 position-relative h-element\">\n                  <!---->\n                  <div class=\"h-heading__outer style-634 style-local-958-c8\">\n                    <!---->\n                    <!---->\n                    <h1 class=\"\">HUEMA<\/h1>\n                  <\/div>\n                <\/div>\n                <div data-colibri-id=\"958-c9\" class=\"h-text h-text-component style-636 style-local-958-c9 position-relative h-element\">\n                  <!---->\n                  <!---->\n                  <div class=\"\">\n                    <p>\n                      <u style=\"font-weight: 500;\">Desayuno:<\/u>\n                    <\/p>\n                    <p>Imagina despertar con el delicioso aroma de un desayuno campestre, donde los productos locales son los protagonistas. Nuestro desayuno ofrece una experiencia culinaria aut\u00e9ntica, con ingredientes frescos y sabores \u00fanicos de la regi\u00f3n.\n                      Disfruta de pan reci\u00e9n horneado, mermeladas caseras, quesos artesanales y embutidos locales, todo cuidadosamente seleccionado para brindarte el aut\u00e9ntico sabor del campo.<\/p>\n                    <p>\n                      <br>\n                    <\/p>\n                  <\/div>\n                <\/div>\n              <\/div>\n            <\/div>\n          <\/div>\n        <\/div>\n      <\/div>\n    <\/div>\n  <\/div>\n<\/div>","protected":false},"excerpt":{"rendered":"<p>HUEMA Desayuno: Imagina despertar con el delicioso aroma de un desayuno campestre, donde los productos locales son los protagonistas. Nuestro desayuno ofrece una experiencia culinaria aut\u00e9ntica, con ingredientes frescos y sabores \u00fanicos de la regi\u00f3n. Disfruta de pan reci\u00e9n horneado, mermeladas caseras, quesos artesanales y embutidos locales, todo cuidadosamente seleccionado para brindarte el aut\u00e9ntico sabor [&hellip;]<\/p>\n","protected":false},"author":1,"featured_media":0,"parent":0,"menu_order":0,"comment_status":"closed","ping_status":"closed","template":"page-templates\/full-width-page.php","meta":{"footnotes":""},"_links":{"self":[{"href":"https:\/\/ekuwun.com\/index.php?rest_route=\/wp\/v2\/pages\/958"}],"collection":[{"href":"https:\/\/ekuwun.com\/index.php?rest_route=\/wp\/v2\/pages"}],"about":[{"href":"https:\/\/ekuwun.com\/index.php?rest_route=\/wp\/v2\/types\/page"}],"author":[{"embeddable":true,"href":"https:\/\/ekuwun.com\/index.php?rest_route=\/wp\/v2\/users\/1"}],"replies":[{"embeddable":true,"href":"https:\/\/ekuwun.com\/index.php?rest_route=%2Fwp%2Fv2%2Fcomments&post=958"}],"version-history":[{"count":5,"href":"https:\/\/ekuwun.com\/index.php?rest_route=\/wp\/v2\/pages\/958\/revisions"}],"predecessor-version":[{"id":1084,"href":"https:\/\/ekuwun.com\/index.php?rest_route=\/wp\/v2\/pages\/958\/revisions\/1084"}],"wp:attachment":[{"href":"https:\/\/ekuwun.com\/index.php?rest_route=%2Fwp%2Fv2%2Fmedia&parent=958"}],"curies":[{"name":"wp","href":"https:\/\/api.w.org\/{rel}","templated":true}]}}