{"id":982,"date":"2023-11-28T19:57:54","date_gmt":"2023-11-28T18:57:54","guid":{"rendered":"https:\/\/ekuwun.com\/?page_id=982"},"modified":"2023-12-07T20:55:08","modified_gmt":"2023-12-07T19:55:08","slug":"huema-cena","status":"publish","type":"page","link":"https:\/\/ekuwun.com\/?page_id=982","title":{"rendered":"Huema-Cena"},"content":{"rendered":"<div data-colibri-id=\"982-c1\" class=\"style-637 style-local-982-c1 position-relative\">\n  <!---->\n  <div data-colibri-component=\"section\" data-colibri-id=\"982-c2\" id=\"custom\" class=\"h-section h-section-global-spacing d-flex align-items-lg-center align-items-md-center align-items-center style-638 style-local-982-c2 position-relative\">\n    <!---->\n    <!---->\n    <div class=\"h-section-grid-container h-section-fluid-container\">\n      <!---->\n      <div data-colibri-id=\"982-c3\" class=\"h-row-container gutters-row-lg-0 gutters-row-md-0 gutters-row-0 gutters-row-v-lg-0 gutters-row-v-md-0 gutters-row-v-0 style-639 style-local-982-c3 position-relative\">\n        <!---->\n        <div class=\"h-row justify-content-lg-center justify-content-md-center justify-content-center align-items-lg-stretch align-items-md-stretch align-items-stretch gutters-col-lg-0 gutters-col-md-0 gutters-col-0 gutters-col-v-lg-0 gutters-col-v-md-0 gutters-col-v-0\">\n          <!---->\n          <div class=\"h-column h-column-container d-flex h-col-lg-auto h-col-md-auto h-col-auto style-640-outer style-local-982-c4-outer\">\n            <div data-colibri-id=\"982-c4\" class=\"d-flex h-flex-basis h-column__inner h-ui-empty-state-container h-px-lg-0 h-px-md-0 h-px-0 v-inner-lg-0 v-inner-md-0 v-inner-0 style-640 style-local-982-c4 position-relative\">\n              <!---->\n              <!---->\n              <div class=\"w-100 h-y-container h-column__content h-column__v-align flex-basis-100\">\n                <!---->\n              <\/div>\n            <\/div>\n          <\/div>\n          <div class=\"h-column h-column-container d-flex h-col-lg-auto h-col-md-auto h-col-auto style-641-outer style-local-982-c5-outer\">\n            <div data-colibri-id=\"982-c5\" class=\"d-flex h-flex-basis h-column__inner h-px-lg-2 h-px-md-2 h-px-2 v-inner-lg-2 v-inner-md-2 v-inner-2 style-641 style-local-982-c5 position-relative\">\n              <!---->\n              <!---->\n              <div class=\"w-100 h-y-container h-column__content h-column__v-align flex-basis-100 align-self-lg-center align-self-md-center align-self-center\">\n                <!---->\n                <div data-colibri-id=\"982-c6\" class=\"d-block style-643 style-local-982-c6 position-relative h-element\">\n                  <!---->\n                  <div class=\"h-image__frame-container-outer\">\n                    <div class=\"h-image__frame-container\">\n                      <!---->\n                      <!---->\n                      <img loading=\"lazy\" decoding=\"async\" width=\"2362\" height=\"2362\" src=\"http:\/\/ekuwun.com\/wp-content\/uploads\/2023\/11\/ekuwun.jpeg\" class=\"wp-image-772 style-643-image style-local-982-c6-image\" alt=\"\" srcset=\"https:\/\/ekuwun.com\/wp-content\/uploads\/2023\/11\/ekuwun.jpeg 2362w, https:\/\/ekuwun.com\/wp-content\/uploads\/2023\/11\/ekuwun-300x300.jpeg 300w, https:\/\/ekuwun.com\/wp-content\/uploads\/2023\/11\/ekuwun-1024x1024.jpeg 1024w, https:\/\/ekuwun.com\/wp-content\/uploads\/2023\/11\/ekuwun-150x150.jpeg 150w, https:\/\/ekuwun.com\/wp-content\/uploads\/2023\/11\/ekuwun-768x768.jpeg 768w, https:\/\/ekuwun.com\/wp-content\/uploads\/2023\/11\/ekuwun-1536x1536.jpeg 1536w, https:\/\/ekuwun.com\/wp-content\/uploads\/2023\/11\/ekuwun-2048x2048.jpeg 2048w\" sizes=\"(max-width: 2362px) 100vw, 2362px\" \/>\n                      <div class=\"h-image__frame h-hide-lg h-hide-md h-hide-sm style-643-frameImage style-local-982-c6-frameImage\"><\/div>\n                    <\/div>\n                  <\/div>\n                <\/div>\n                <div data-colibri-id=\"982-c7\" class=\"h-global-transition-all h-heading style-644 style-local-982-c7 position-relative h-element\">\n                  <!---->\n                  <div class=\"h-heading__outer style-644 style-local-982-c7\">\n                    <!---->\n                    <!---->\n                    <h1 class=\"\">HUEMA<\/h1>\n                  <\/div>\n                <\/div>\n                <div data-colibri-id=\"982-c8\" class=\"h-text h-text-component style-645 style-local-982-c8 position-relative h-element\">\n                  <!---->\n                  <!---->\n                  <div class=\"\">\n                    <p>\n                      <u style=\"font-weight: 500;\">Cena 2 Noches:<\/u>\n                    <\/p>\n                    <p>Descubra la exquisitez culinaria en nuestro lodge del sur, donde cada noche le ofrecemos dos opciones de plato principal acompa\u00f1adas de una copa de vino o cerveza artesanal. Adem\u00e1s, disfrute de la alternativa de aut\u00e9nticas pizzas a\n                      la piedra. Una experiencia culinaria \u00fanica en un entorno encantador que combina la belleza natural con sabores excepcionales. \u00a1Le damos la bienvenida a una cena inolvidable!<\/p>\n                  <\/div>\n                <\/div>\n              <\/div>\n            <\/div>\n          <\/div>\n        <\/div>\n      <\/div>\n    <\/div>\n  <\/div>\n<\/div>","protected":false},"excerpt":{"rendered":"<p>HUEMA Cena 2 Noches: Descubra la exquisitez culinaria en nuestro lodge del sur, donde cada noche le ofrecemos dos opciones de plato principal acompa\u00f1adas de una copa de vino o cerveza artesanal. Adem\u00e1s, disfrute de la alternativa de aut\u00e9nticas pizzas a la piedra. Una experiencia culinaria \u00fanica en un entorno encantador que combina la belleza [&hellip;]<\/p>\n","protected":false},"author":1,"featured_media":0,"parent":0,"menu_order":0,"comment_status":"closed","ping_status":"closed","template":"page-templates\/full-width-page.php","meta":{"footnotes":""},"_links":{"self":[{"href":"https:\/\/ekuwun.com\/index.php?rest_route=\/wp\/v2\/pages\/982"}],"collection":[{"href":"https:\/\/ekuwun.com\/index.php?rest_route=\/wp\/v2\/pages"}],"about":[{"href":"https:\/\/ekuwun.com\/index.php?rest_route=\/wp\/v2\/types\/page"}],"author":[{"embeddable":true,"href":"https:\/\/ekuwun.com\/index.php?rest_route=\/wp\/v2\/users\/1"}],"replies":[{"embeddable":true,"href":"https:\/\/ekuwun.com\/index.php?rest_route=%2Fwp%2Fv2%2Fcomments&post=982"}],"version-history":[{"count":5,"href":"https:\/\/ekuwun.com\/index.php?rest_route=\/wp\/v2\/pages\/982\/revisions"}],"predecessor-version":[{"id":1098,"href":"https:\/\/ekuwun.com\/index.php?rest_route=\/wp\/v2\/pages\/982\/revisions\/1098"}],"wp:attachment":[{"href":"https:\/\/ekuwun.com\/index.php?rest_route=%2Fwp%2Fv2%2Fmedia&parent=982"}],"curies":[{"name":"wp","href":"https:\/\/api.w.org\/{rel}","templated":true}]}}